{"id":3345,"date":"2016-02-01T23:16:13","date_gmt":"2016-02-01T22:16:13","guid":{"rendered":"https:\/\/www.ociohogar.com\/blog\/?page_id=3345"},"modified":"2016-03-04T20:58:12","modified_gmt":"2016-03-04T19:58:12","slug":"jessica-gomez-dominguez","status":"publish","type":"page","link":"https:\/\/www.ociohogar.com\/blog\/interioristas\/jessica-gomez-dominguez","title":{"rendered":"J\u00e9ssica G\u00f3mez Dom\u00ednguez"},"content":{"rendered":"<figure id=\"attachment_3346\" aria-describedby=\"caption-attachment-3346\" style=\"width: 300px\" class=\"wp-caption alignleft\"><img decoding=\"async\" loading=\"lazy\" class=\"wp-image-3346 size-medium\" src=\"https:\/\/www.ociohogar.com\/blog\/wp-content\/uploads\/2016\/01\/foto-perfil-p\u00e1gina-300x300.jpg\" alt=\"foto perfil-p\u00e1gina\" width=\"300\" height=\"300\" srcset=\"https:\/\/www.ociohogar.com\/blog\/wp-content\/uploads\/2016\/01\/foto-perfil-p\u00e1gina-300x300.jpg 300w, https:\/\/www.ociohogar.com\/blog\/wp-content\/uploads\/2016\/01\/foto-perfil-p\u00e1gina-150x150.jpg 150w, https:\/\/www.ociohogar.com\/blog\/wp-content\/uploads\/2016\/01\/foto-perfil-p\u00e1gina.jpg 800w\" sizes=\"(max-width: 300px) 100vw, 300px\" \/><figcaption id=\"caption-attachment-3346\" class=\"wp-caption-text\">Interiorista J\u00e9ssica G\u00f3mez Dom\u00ednguez<\/figcaption><\/figure>\n<p><strong>T\u00e9cnico Superior de proyectos y direcci\u00f3n de obras de decoraci\u00f3n. <\/strong>Estudi\u00f3 en la escuela de Arte de Valladolid, tras finalizar complet\u00f3 sus estudios con\u00a0una diplomatura en Dise\u00f1o de Interiores en la escuela de Arte y Superior de Dise\u00f1o de Zamora, y para finalizar, un curso de especializaci\u00f3n en interiorismo en espacios comerciales y de ocio y visual marketing en Valladolid. Ha realizado varios proyectos y propuestas en Valladolid.<\/p>\n<p style=\"text-align: left;\"><strong>Realizaci\u00f3n de proyectos en:<\/strong><\/p>\n<p style=\"text-align: left;\">J\u00e9ssica colabora con OcioHogar realizando proyectos de interiorismo y ayud\u00e1ndote a elegir los muebles para tu hogar en la zona de <a title=\"Valladolid\" href=\"https:\/\/www.valladolid.es\/es\" target=\"_blank\">Valladolid<\/a>\u00a0y toda Castilla y Le\u00f3n.<\/p>\n<p><iframe loading=\"lazy\" style=\"border: 0;\" src=\"https:\/\/www.google.com\/maps\/embed?pb=!1m18!1m12!1m3!1d3053160.533472779!2d-6.674918033391701!3d41.64273173668449!2m3!1f0!2f0!3f0!3m2!1i1024!2i768!4f13.1!3m3!1m2!1s0xd379a90038093f7%3A0x969e7b06830556a5!2sCastilla+y+Le%C3%B3n!5e0!3m2!1ses!2ses!4v1455103949531\" width=\"600\" height=\"450\" frameborder=\"0\" allowfullscreen=\"allowfullscreen\"><\/iframe><\/p>\n<figure id=\"attachment_3352\" aria-describedby=\"caption-attachment-3352\" style=\"width: 150px\" class=\"wp-caption alignleft\"><a href=\"https:\/\/www.ociohogar.com\/blog\/wp-content\/uploads\/2016\/01\/Dise\u00f1o-y-montaje-de-Chillout-para-terraza-en-vivienda.jpg\"><img decoding=\"async\" loading=\"lazy\" class=\"wp-image-3352 size-thumbnail\" src=\"https:\/\/www.ociohogar.com\/blog\/wp-content\/uploads\/2016\/01\/Dise\u00f1o-y-montaje-de-Chillout-para-terraza-en-vivienda-150x150.jpg\" alt=\"Dise\u00f1o y montaje de Chillout para terraza en vivienda\" width=\"150\" height=\"150\" \/><\/a><figcaption id=\"caption-attachment-3352\" class=\"wp-caption-text\">Terraza\u00a0Chillout<\/figcaption><\/figure>\n<figure id=\"attachment_3353\" aria-describedby=\"caption-attachment-3353\" style=\"width: 150px\" class=\"wp-caption alignleft\"><a href=\"https:\/\/www.ociohogar.com\/blog\/proyectos-interiorismo\/proyecto-bar-moncloa\"><img decoding=\"async\" loading=\"lazy\" class=\"wp-image-3353 size-thumbnail\" src=\"https:\/\/www.ociohogar.com\/blog\/wp-content\/uploads\/2016\/01\/DSC04376-150x150.jpeg\" alt=\"Bar Moncloa remodelado en Valladolid\" width=\"150\" height=\"150\" \/><\/a><figcaption id=\"caption-attachment-3353\" class=\"wp-caption-text\">Bar Moncloa remodelado en Valladolid<\/figcaption><\/figure>\n<figure id=\"attachment_3364\" aria-describedby=\"caption-attachment-3364\" style=\"width: 150px\" class=\"wp-caption alignleft\"><a href=\"https:\/\/www.ociohogar.com\/blog\/proyectos-interiorismo\/proyecto-de-decoracion-vivienda-nueva-en-valladolid\"><img decoding=\"async\" loading=\"lazy\" class=\"wp-image-3364 size-thumbnail\" src=\"https:\/\/www.ociohogar.com\/blog\/wp-content\/uploads\/2016\/01\/IMG-20151212-WA0013-150x150.jpg\" alt=\"Decoraci\u00f3n de una vivienda\" width=\"150\" height=\"150\" \/><\/a><figcaption id=\"caption-attachment-3364\" class=\"wp-caption-text\">Decoraci\u00f3n de vivienda<\/figcaption><\/figure>\n<figure id=\"attachment_3365\" aria-describedby=\"caption-attachment-3365\" style=\"width: 150px\" class=\"wp-caption alignleft\"><a href=\"https:\/\/www.ociohogar.com\/blog\/wp-content\/uploads\/2016\/01\/hb3.jpg\"><img decoding=\"async\" loading=\"lazy\" class=\"size-thumbnail wp-image-3365\" src=\"https:\/\/www.ociohogar.com\/blog\/wp-content\/uploads\/2016\/01\/hb3-150x150.jpg\" alt=\"Decoraci\u00f3n del dormitorio\" width=\"150\" height=\"150\" \/><\/a><figcaption id=\"caption-attachment-3365\" class=\"wp-caption-text\">Dormitorio<\/figcaption><\/figure>\n<p>&nbsp;<\/p>\n<p>&nbsp;<\/p>\n<p>&nbsp;<\/p>\n<p>&nbsp;<\/p>\n<p>&nbsp;<\/p>\n<p>&nbsp;<\/p>\n<p>&nbsp;<\/p>\n<p>&nbsp;<\/p>\n<p>&nbsp;<\/p>\n<figure id=\"attachment_3367\" aria-describedby=\"caption-attachment-3367\" style=\"width: 150px\" class=\"wp-caption alignnone\"><a href=\"https:\/\/www.ociohogar.com\/blog\/wp-content\/uploads\/2016\/01\/IMG-20151212-WA0005.jpg\"><img decoding=\"async\" loading=\"lazy\" class=\"wp-image-3367 size-thumbnail\" src=\"https:\/\/www.ociohogar.com\/blog\/wp-content\/uploads\/2016\/01\/IMG-20151212-WA0005-150x150.jpg\" alt=\"Sal\u00f3n\" width=\"150\" height=\"150\" \/><\/a><figcaption id=\"caption-attachment-3367\" class=\"wp-caption-text\">Sal\u00f3n<\/figcaption><\/figure>\n<h1 class=\"entry-title\" style=\"text-align: justify;\">Conoce a J\u00e9ssica G\u00f3mez Dom\u00ednguez al detalle:<\/h1>\n<p style=\"text-align: justify;\"><strong>OcioHogar-<\/strong> \u00bfC\u00f3mo surgi\u00f3 la decisi\u00f3n o pasi\u00f3n por dedicarse a ser dise\u00f1ador\/a de interiores?<\/p>\n<p style=\"text-align: justify;\"><strong>J\u00e9ssica G\u00f3mez-<\/strong> Nac\u00ed en un hogar donde mi abuelo era artista ebanista y mi padre pintor, es algo que siempre lo he vivido y me ha gustado desde ni\u00f1a. Siempre lo tuve claro.<\/p>\n<p style=\"text-align: justify;\"><strong>OH- <\/strong>Cu\u00e9ntanos brevemente c\u00f3mo ha sido tu trayectoria.<\/p>\n<p style=\"text-align: justify;\"><strong>JG-<\/strong> Con el objetivo claro de dedicarme al dise\u00f1o de interiores y decoraci\u00f3n, mi primera titulaci\u00f3n fue como T\u00e9cnico superior en proyectos y direcci\u00f3n de obras de decoraci\u00f3n, tras el cual realic\u00e9 unas pr\u00e1cticas en comercio de venta de mobiliario y creaci\u00f3n de proyectos de interiorismo a medida aplicando el mobiliario existente en tienda. M\u00e1s adelante, me surgi\u00f3 la oportunidad de trabajar en una constructora, Zeda S.L., donde pude realizar funciones como interiorista y dise\u00f1adora apoyando en el seguimiento de obras menores como la reforma de la cl\u00ednica Ginem\u00e9dica en Valladolid o la reforma de una vivienda, o peque\u00f1as reformas. Posteriormente me titule como Diplomada en dise\u00f1o de Interiores por la EASD de Zamora.<\/p>\n<p style=\"text-align: justify;\">Por \u00faltimo he realizado un curso de especializaci\u00f3n de Visual merchandising e interiorismo comercial. Mi \u00faltima colaboraci\u00f3n ha sido como becaria para el estudio Blak Interiorismo en Valladolid, donde pude ejecutar el proyecto del Bar Moncloa en Valladolid, anteproyecto de estudio de fotograf\u00eda Guzm\u00e1n, en Medina de Rioseco o de una tienda de la cadena Solera en Valencia.<\/p>\n<p style=\"text-align: justify;\">Entre medias, he ido haciendo proyectos por mi cuenta, como la decoraci\u00f3n de dos viviendas en Valladolid o colaboraciones.<\/p>\n<p style=\"text-align: justify;\"><strong>OH-<\/strong> Qu\u00e9 es lo que m\u00e1s te gusta de su trabajo?<\/p>\n<p style=\"text-align: justify;\"><strong>JG-<\/strong> Que me sigue motivando cada d\u00eda y creo que nunca me cansar\u00eda de hacerlo.<\/p>\n<p style=\"text-align: justify;\"><strong>OH-<\/strong> \u00bfEn qu\u00e9 te inspiras cuando dise\u00f1as?<\/p>\n<p style=\"text-align: justify;\"><strong>JG-<\/strong> En lo que me transmite la estancia o el lugar sobre lo que vaya a proyectar.<\/p>\n<p style=\"text-align: justify;\"><strong>OH-<\/strong> \u00bfSigues algunas pautas en concreto para dise\u00f1ar? \u00bfCu\u00e1les?<\/p>\n<p style=\"text-align: justify;\"><strong>JG-<\/strong> Respecto a trabajar para un cliente siempre me gusta tratar con \u00e9l, saber sus necesidades y sus peticiones, y a partir de ah\u00ed empezar a crear un anteproyecto el cual presento al cliente y suele ir acompa\u00f1ado de una planta, cogidas medidas previamente, y unos alzados donde se explica un poco los materiales y mobiliario, y tambi\u00e9n de unas im\u00e1genes para que el cliente se haga a la idea de c\u00f3mo va a ser el resultado final, si se llega a un acuerdo se lleva a cabo tras presentar un proyecto final con los cambios que se realicen.<\/p>\n<p style=\"text-align: justify;\"><strong>OH-<\/strong> \u00bfQu\u00e9 tiene que tener un dise\u00f1o para que sea un \u00e9xito?<\/p>\n<p style=\"text-align: justify;\"><strong>JG-<\/strong> Mi buen profesor y tutor de proyecto fin de carrera siempre dec\u00eda Menos es M\u00e1s, y as\u00ed es. Esa pauta la suelo mantener siempre.<\/p>\n<p style=\"text-align: justify;\"><strong>OH-<\/strong> \u00bfQu\u00e9 materiales nunca combinar\u00edas en un mismo espacio?<\/p>\n<p style=\"text-align: justify;\"><strong>JG-<\/strong> Creo que con estilo e imaginaci\u00f3n todos los materiales de una manera u otra pueden combinar.<\/p>\n<p style=\"text-align: justify;\"><strong>OH-<\/strong> \u00bfHay alg\u00fan apartado del dise\u00f1o que no hayas trabajo y que te gustar\u00eda hacer?<\/p>\n<p style=\"text-align: justify;\"><strong>JG-<\/strong> Seguramente muchos, siempre hay algo nuevo por hacer y por aprender, y estar\u00eda encantada.<\/p>\n<p style=\"text-align: justify;\"><strong>OH-<\/strong> Conv\u00e9nceme para que renueve mi casa.<\/p>\n<p style=\"text-align: justify;\"><strong>JG-<\/strong> Es algo necesario, el poner nuestra casa a tu gusto, es el lugar donde se desconecta de la rutina del d\u00eda y se supone que encuentras la paz y tienes que estar a gusto, pero si no lo est\u00e1s con el entorno de tu vivienda no lo conseguir\u00e1s. Hoy en d\u00eda el interiorismo ya no es s\u00f3lo para personas pudientes, y siempre se puede buscar una soluci\u00f3n para cada bolsillo y para cada necesidad.<\/p>\n<p style=\"text-align: justify;\"><strong>OH-<\/strong> \u00bfQu\u00e9 prefieres a la hora de decorar, un estilo \u00fanico o una fusi\u00f3n de estilos?<\/p>\n<p style=\"text-align: justify;\"><strong>JG-<\/strong> En mi opini\u00f3n una fusi\u00f3n de estilos, pienso que juntos pueden dar m\u00e1s posibilidades a una estancia y hacer resaltar algunos puntos.<\/p>\n<p style=\"text-align: justify;\"><strong>OH-<\/strong> \u00bfCrees que la decoraci\u00f3n se rige por modas?<\/p>\n<p style=\"text-align: justify;\"><strong>JG-<\/strong> En parte si, por supuesto, siempre hay algo nuevo que nos gusta y nos atrae<\/p>\n<p style=\"text-align: justify;\"><strong>OH-<\/strong> \u00bfC\u00f3mo crees que se encuentra el sector del interiorismo en la actualidad?<\/p>\n<p style=\"text-align: justify;\"><strong>JG-<\/strong> Como comentaba anteriormente, el usuario por llamarlo de alguna manera ha cambiado, pudiendo llegar ahora a todo tipo de clientes. Se trata de ajustarse tanto a las necesidades como a las posibilidades del cliente, de una manera l\u00f3gica claro est\u00e1.<\/p>\n<p style=\"text-align: justify;\"><strong>OH-<\/strong> De todos los proyectos y dise\u00f1os que ha realizado \u00bfde cu\u00e1l te sientes m\u00e1s satisfecho?<\/p>\n<p style=\"text-align: justify;\"><strong>JG-<\/strong> Del Bar Moncloa, ya que ha sido unos de los proyectos m\u00e1s amplios que he tenido la oportunidad de realizar hasta ahora, debida a mi peque\u00f1a trayectoria, y lo viv\u00ed muy en primera persona. Me encanta poder escuchar a la gente la opini\u00f3n sobre el cambio que dio un bar de toda la vida aqu\u00ed en Valladolid, y que todo el mundo conoce.<\/p>\n<p style=\"text-align: justify;\"><strong>OH-<\/strong> \u00bfCu\u00e1les son tus metas m\u00e1s pr\u00f3ximas y tus planes a largo plazo?<\/p>\n<p style=\"text-align: justify;\"><strong>JG-<\/strong> Poder dedicarme a lo que realmente me apasiona que es el interiorismo, aprendiendo cada d\u00eda algo nuevo y disfrutando haciendo mi trabajo.<\/p>\n<p style=\"text-align: justify;\"><strong>OH-<\/strong> Para t\u00ed cu\u00e1l es el 1,2,3 de la decoraci\u00f3n:<\/p>\n<p style=\"text-align: justify;\"><strong>JG-<\/strong>\u00a01. Iluminaci\u00f3n, 2.\u00a0 Mobiliario\/materiales, 3. Creatividad<\/p>\n<p style=\"text-align: justify;\"><strong>OH-<\/strong> Respuestas r\u00e1pidas:<\/p>\n<p style=\"text-align: justify;\"><strong>JG:<\/strong><\/p>\n<ul>\n<li style=\"text-align: justify;\">Estilo preferido: Contempor\u00e1neo, aunque siempre me gusta la fusi\u00f3n.<\/li>\n<li style=\"text-align: justify;\">Estancia favorita a la hora de decorar: Un sal\u00f3n.<\/li>\n<li style=\"text-align: justify;\">Mueble preferido: Un aparador, puede dar mucho juego y ser \u00fatil incluso para dividir ambientes si la estancia lo permite.<\/li>\n<li style=\"text-align: justify;\">Material preferido: Me quedar\u00eda con varios pero si tengo que elegir la madera, en todas sus formas y utilidades, siempre va a combinar y es muy vers\u00e1til.<\/li>\n<li style=\"text-align: justify;\">Color preferido: Azul, gris perla\u2026..son colores que aportan luz y combinan con casi todo.<\/li>\n<li style=\"text-align: justify;\">Dise\u00f1ador\/arquitecto que admiras: Rem Koolhas, Alberto Campo Baeza.<\/li>\n<\/ul>\n<p>&nbsp;<\/p>\n","protected":false},"excerpt":{"rendered":"<p>T\u00e9cnico Superior de proyectos y direcci\u00f3n de obras de decoraci\u00f3n. Estudi\u00f3 en la escuela de Arte de Valladolid, tras finalizar complet\u00f3 sus estudios con\u00a0una diplomatura en Dise\u00f1o de Interiores en la escuela de Arte y Superior de Dise\u00f1o de Zamora, y para finalizar, un curso de especializaci\u00f3n en interiorismo en espacios comerciales y de ocio [&hellip;]<\/p>\n <a class=\"read-more\" href=\"https:\/\/www.ociohogar.com\/blog\/interioristas\/jessica-gomez-dominguez\">Leer m\u00e1s<\/a>","protected":false},"author":23,"featured_media":0,"parent":3286,"menu_order":0,"comment_status":"open","ping_status":"open","template":"","meta":{"ngg_post_thumbnail":0},"_links":{"self":[{"href":"https:\/\/www.ociohogar.com\/blog\/wp-json\/wp\/v2\/pages\/3345"}],"collection":[{"href":"https:\/\/www.ociohogar.com\/blog\/wp-json\/wp\/v2\/pages"}],"about":[{"href":"https:\/\/www.ociohogar.com\/blog\/wp-json\/wp\/v2\/types\/page"}],"author":[{"embeddable":true,"href":"https:\/\/www.ociohogar.com\/blog\/wp-json\/wp\/v2\/users\/23"}],"replies":[{"embeddable":true,"href":"https:\/\/www.ociohogar.com\/blog\/wp-json\/wp\/v2\/comments?post=3345"}],"version-history":[{"count":43,"href":"https:\/\/www.ociohogar.com\/blog\/wp-json\/wp\/v2\/pages\/3345\/revisions"}],"predecessor-version":[{"id":3712,"href":"https:\/\/www.ociohogar.com\/blog\/wp-json\/wp\/v2\/pages\/3345\/revisions\/3712"}],"up":[{"embeddable":true,"href":"https:\/\/www.ociohogar.com\/blog\/wp-json\/wp\/v2\/pages\/3286"}],"wp:attachment":[{"href":"https:\/\/www.ociohogar.com\/blog\/wp-json\/wp\/v2\/media?parent=3345"}],"curies":[{"name":"wp","href":"https:\/\/api.w.org\/{rel}","templated":true}]}}