{"id":3548,"date":"2016-02-12T11:56:02","date_gmt":"2016-02-12T10:56:02","guid":{"rendered":"https:\/\/www.ociohogar.com\/blog\/?page_id=3548"},"modified":"2016-02-12T21:31:02","modified_gmt":"2016-02-12T20:31:02","slug":"proyecto-de-tostador","status":"publish","type":"page","link":"https:\/\/www.ociohogar.com\/blog\/proyectos-interiorismo\/proyecto-de-tostador","title":{"rendered":"Proyecto de TostaD\u00b4or"},"content":{"rendered":"<p>Proyecto realizado en Logro\u00f1o por\u00a0Marta Fernandez Gomez<\/p>\n<p><iframe loading=\"lazy\" style=\"border: 0;\" src=\"https:\/\/www.google.com\/maps\/embed?pb=!1m18!1m12!1m3!1d66590.25678922687!2d-2.466701629513203!3d42.472386043827484!2m3!1f0!2f0!3f0!3m2!1i1024!2i768!4f13.1!3m3!1m2!1s0xd5aab3d6bfe8ea7%3A0x404f58273cacd90!2sLogro%C3%B1o%2C+La+Rioja!5e0!3m2!1ses!2ses!4v1455102046562\" width=\"600\" height=\"450\" frameborder=\"0\" allowfullscreen=\"allowfullscreen\"><\/iframe><\/p>\n<p>TostaD\u00b4or es una empresa familiar dedicada en cuerpo y alma a la producci\u00f3n de pan artesano, que une en el mismo local: obrador, mostrador de panader\u00eda artesana, zona de bar-cafeter\u00eda y un espacio para comidas y cenas.<\/p>\n<p>Empresa consolidada en Logro\u00f1o desde 2003, bajo el nombre de Tostapan. En 2013 decide dar un salto a un local de m\u00e1s de 500 m2 para satisfacer su demanda.<\/p>\n<p>Se lleva a cabo un restyling de nombre e imagen de marca, llam\u00e1ndolo TostaD\u00b4or ya que una de sus especialidades son sus Tostadas; casi podr\u00edamos decir que son tostadas de oro, porque son tostadas con pan de verdad y eso es algo que no se ve con frecuencia. El buen refranero espa\u00f1ol nos dice \u201cDesayuna como un rey, almuerza como un pr\u00edncipe y cena como un mendigo\u201d.<\/p>\n<figure id=\"attachment_3403\" aria-describedby=\"caption-attachment-3403\" style=\"width: 640px\" class=\"wp-caption alignleft\"><a href=\"https:\/\/www.ociohogar.com\/blog\/wp-content\/uploads\/2016\/01\/05.-T-FACHADA.jpg\"><img decoding=\"async\" loading=\"lazy\" class=\"wp-image-3403 size-large\" src=\"https:\/\/www.ociohogar.com\/blog\/wp-content\/uploads\/2016\/01\/05.-T-FACHADA-1024x682.jpg\" alt=\"Proyecto Tostad'Or\" width=\"640\" height=\"426\" srcset=\"https:\/\/www.ociohogar.com\/blog\/wp-content\/uploads\/2016\/01\/05.-T-FACHADA-1024x682.jpg 1024w, https:\/\/www.ociohogar.com\/blog\/wp-content\/uploads\/2016\/01\/05.-T-FACHADA-300x200.jpg 300w\" sizes=\"(max-width: 640px) 100vw, 640px\" \/><\/a><figcaption id=\"caption-attachment-3403\" class=\"wp-caption-text\">Proyecto Tostad&#8217;Or por Marta Fern\u00e1ndez G\u00f3mez<\/figcaption><\/figure>\n<figure id=\"attachment_3404\" aria-describedby=\"caption-attachment-3404\" style=\"width: 640px\" class=\"wp-caption alignleft\"><a href=\"https:\/\/www.ociohogar.com\/blog\/wp-content\/uploads\/2016\/01\/06.-T.-INTE-1.jpg\"><img decoding=\"async\" loading=\"lazy\" class=\"wp-image-3404 size-large\" src=\"https:\/\/www.ociohogar.com\/blog\/wp-content\/uploads\/2016\/01\/06.-T.-INTE-1-1024x682.jpg\" alt=\"Cafeter\u00eda de Logro\u00f1o\" width=\"640\" height=\"426\" srcset=\"https:\/\/www.ociohogar.com\/blog\/wp-content\/uploads\/2016\/01\/06.-T.-INTE-1-1024x682.jpg 1024w, https:\/\/www.ociohogar.com\/blog\/wp-content\/uploads\/2016\/01\/06.-T.-INTE-1-300x200.jpg 300w\" sizes=\"(max-width: 640px) 100vw, 640px\" \/><\/a><figcaption id=\"caption-attachment-3404\" class=\"wp-caption-text\">Cafeter\u00eda en Logro\u00f1o<\/figcaption><\/figure>\n<p>&nbsp;<\/p>\n<p>&nbsp;<\/p>\n<figure id=\"attachment_3405\" aria-describedby=\"caption-attachment-3405\" style=\"width: 640px\" class=\"wp-caption alignleft\"><a href=\"https:\/\/www.ociohogar.com\/blog\/wp-content\/uploads\/2016\/01\/07.-T.-INTE-2.jpg\"><img decoding=\"async\" loading=\"lazy\" class=\"wp-image-3405 size-large\" src=\"https:\/\/www.ociohogar.com\/blog\/wp-content\/uploads\/2016\/01\/07.-T.-INTE-2-1024x682.jpg\" alt=\"Interior de la cafeter\u00eda\" width=\"640\" height=\"426\" srcset=\"https:\/\/www.ociohogar.com\/blog\/wp-content\/uploads\/2016\/01\/07.-T.-INTE-2-1024x682.jpg 1024w, https:\/\/www.ociohogar.com\/blog\/wp-content\/uploads\/2016\/01\/07.-T.-INTE-2-300x200.jpg 300w\" sizes=\"(max-width: 640px) 100vw, 640px\" \/><\/a><figcaption id=\"caption-attachment-3405\" class=\"wp-caption-text\">Interior del local<\/figcaption><\/figure>\n<p>Nos encontramos con un local alargado, acortamos la sensaci\u00f3n visual con la construcci\u00f3n de un banco corrido que nos sirve de intersecci\u00f3n entre la zona de bar-cafeter\u00eda y restaurante. Redistribuimos los espacios existentes y los unificamos bajo una gama crom\u00e1tica de ocres, oros y azules con unas ilustraciones pintadas in situ.<\/p>\n<p>Se traslada al nuevo local toda la maquinaria, mostradores y dem\u00e1s utensilios. Reutilizamos el antiguo mobiliario cambiando su imagen por un aspecto todav\u00eda m\u00e1s envejecido.<\/p>\n<p>Se construye una zona de terraza cubierta y el mobiliario de la panader\u00eda, con los mismos lenguajes visuales que el resto del local.<\/p>\n<p>Se cambia el aspecto de la fachada con un revestimiento de lamas de pino tratadas, respetando el entorno y las edificaciones colindantes.<\/p>\n<p>Y por \u00faltimo se realiza un trasdosado perimetral para albergar el obrador con su maquinaria correspondiente.<\/p>\n<figure id=\"attachment_3394\" aria-describedby=\"caption-attachment-3394\" style=\"width: 300px\" class=\"wp-caption alignleft\"><a href=\"https:\/\/www.ociohogar.com\/blog\/interioristas\/marta-fernandez-gomez\"><img decoding=\"async\" loading=\"lazy\" class=\"size-medium wp-image-3394\" src=\"https:\/\/www.ociohogar.com\/blog\/wp-content\/uploads\/2016\/01\/AUTORETRATO-FOTO-PERFIL-1-300x300.jpg\" alt=\"Marta Fern\u00e1ndez G\u00f3mez\" width=\"300\" height=\"300\" srcset=\"https:\/\/www.ociohogar.com\/blog\/wp-content\/uploads\/2016\/01\/AUTORETRATO-FOTO-PERFIL-1-300x300.jpg 300w, https:\/\/www.ociohogar.com\/blog\/wp-content\/uploads\/2016\/01\/AUTORETRATO-FOTO-PERFIL-1-150x150.jpg 150w, https:\/\/www.ociohogar.com\/blog\/wp-content\/uploads\/2016\/01\/AUTORETRATO-FOTO-PERFIL-1.jpg 800w\" sizes=\"(max-width: 300px) 100vw, 300px\" \/><\/a><figcaption id=\"caption-attachment-3394\" class=\"wp-caption-text\">Interiorista Marta Fern\u00e1ndez G\u00f3mez<\/figcaption><\/figure>\n<p>&nbsp;<\/p>\n<p><strong>Graduada en dise\u00f1o de interiores.<\/strong> Estudi\u00f3 dise\u00f1o web y multimedia en Pamplona, tras terminar complet\u00f3 sus estudios con cursos de dise\u00f1o y\u00a0un grado superior en Dise\u00f1o de interiores el Logro\u00f1o. <a href=\"https:\/\/www.ociohogar.com\/blog\/interioristas\/marta-fernandez-gomez\">Ver perfil<\/a><\/p>\n","protected":false},"excerpt":{"rendered":"<p>Proyecto realizado en Logro\u00f1o por\u00a0Marta Fernandez Gomez TostaD\u00b4or es una empresa familiar dedicada en cuerpo y alma a la producci\u00f3n de pan artesano, que une en el mismo local: obrador, mostrador de panader\u00eda artesana, zona de bar-cafeter\u00eda y un espacio para comidas y cenas. Empresa consolidada en Logro\u00f1o desde 2003, bajo el nombre de Tostapan. [&hellip;]<\/p>\n <a class=\"read-more\" href=\"https:\/\/www.ociohogar.com\/blog\/proyectos-interiorismo\/proyecto-de-tostador\">Leer m\u00e1s<\/a>","protected":false},"author":23,"featured_media":0,"parent":3589,"menu_order":0,"comment_status":"open","ping_status":"open","template":"","meta":{"ngg_post_thumbnail":0},"_links":{"self":[{"href":"https:\/\/www.ociohogar.com\/blog\/wp-json\/wp\/v2\/pages\/3548"}],"collection":[{"href":"https:\/\/www.ociohogar.com\/blog\/wp-json\/wp\/v2\/pages"}],"about":[{"href":"https:\/\/www.ociohogar.com\/blog\/wp-json\/wp\/v2\/types\/page"}],"author":[{"embeddable":true,"href":"https:\/\/www.ociohogar.com\/blog\/wp-json\/wp\/v2\/users\/23"}],"replies":[{"embeddable":true,"href":"https:\/\/www.ociohogar.com\/blog\/wp-json\/wp\/v2\/comments?post=3548"}],"version-history":[{"count":8,"href":"https:\/\/www.ociohogar.com\/blog\/wp-json\/wp\/v2\/pages\/3548\/revisions"}],"predecessor-version":[{"id":3580,"href":"https:\/\/www.ociohogar.com\/blog\/wp-json\/wp\/v2\/pages\/3548\/revisions\/3580"}],"up":[{"embeddable":true,"href":"https:\/\/www.ociohogar.com\/blog\/wp-json\/wp\/v2\/pages\/3589"}],"wp:attachment":[{"href":"https:\/\/www.ociohogar.com\/blog\/wp-json\/wp\/v2\/media?parent=3548"}],"curies":[{"name":"wp","href":"https:\/\/api.w.org\/{rel}","templated":true}]}}