{"id":3558,"date":"2016-02-12T20:53:56","date_gmt":"2016-02-12T19:53:56","guid":{"rendered":"https:\/\/www.ociohogar.com\/blog\/?page_id=3558"},"modified":"2016-02-12T22:22:10","modified_gmt":"2016-02-12T21:22:10","slug":"proyecto-bar-moncloa","status":"publish","type":"page","link":"https:\/\/www.ociohogar.com\/blog\/proyectos-interiorismo\/proyecto-bar-moncloa","title":{"rendered":"Proyecto Bar Moncloa"},"content":{"rendered":"<p>Proyecto realizado en <a href=\"https:\/\/www.valladolid.es\/es\">Valladolid<\/a> por\u00a0J\u00e9ssica G\u00f3mez Dom\u00ednguez<\/p>\n<p><iframe loading=\"lazy\" style=\"border: 0;\" src=\"https:\/\/www.google.com\/maps\/embed?pb=!1m18!1m12!1m3!1d47711.64889111176!2d-4.767571934457021!3d41.63460576035582!2m3!1f0!2f0!3f0!3m2!1i1024!2i768!4f13.1!3m3!1m2!1s0xd47728c08c66e93%3A0xb3ff92d41ca26bef!2sValladolid!5e0!3m2!1ses!2ses!4v1455104734466\" width=\"600\" height=\"450\" frameborder=\"0\" allowfullscreen=\"allowfullscreen\"><\/iframe><\/p>\n<p>\u00c9ste proyecto tuve la oportunidad de realizarlo colaborando como becaria en el Estudio BlakInteriorismo , en Valladolid.<\/p>\n<p>Lo que se propone para \u00e9ste establecimiento, es aportarle un estilo renovado, donde los mismos espacios con grandes detalles parezcan otros. Aportando calidez y mejoras tanto para empleados como para los clientes.\u00a0 Mar\u00eda e Iv\u00e1n, me dieron libertad desde el primer momento para poder aportar mis ideas, y con sus correcciones e ideas,\u00a0 conseguimos el objetivo que se hab\u00edan propuesto.<\/p>\n<p>Lo primero era saber las necesidades exactas del cliente. Hab\u00eda l\u00edmite a la hora del presupuesto as\u00ed que hab\u00eda que ajustarlo todo para que se pudieran cubrir todas las necesidades sin pasarse, que eso con ingenio y dedicaci\u00f3n creo que siempre es posible\u2026<\/p>\n<figure id=\"attachment_3363\" aria-describedby=\"caption-attachment-3363\" style=\"width: 640px\" class=\"wp-caption alignleft\"><a href=\"https:\/\/www.ociohogar.com\/blog\/wp-content\/uploads\/2016\/01\/DSC04390.jpeg\"><img decoding=\"async\" loading=\"lazy\" class=\"wp-image-3363 size-large\" src=\"https:\/\/www.ociohogar.com\/blog\/wp-content\/uploads\/2016\/01\/DSC04390-1024x685.jpeg\" alt=\"Dise\u00f1ado por J\u00e9ssica G\u00f3mez Dom\u00ednguez\" width=\"640\" height=\"428\" srcset=\"https:\/\/www.ociohogar.com\/blog\/wp-content\/uploads\/2016\/01\/DSC04390-1024x685.jpeg 1024w, https:\/\/www.ociohogar.com\/blog\/wp-content\/uploads\/2016\/01\/DSC04390-300x200.jpeg 300w, https:\/\/www.ociohogar.com\/blog\/wp-content\/uploads\/2016\/01\/DSC04390.jpeg 1656w\" sizes=\"(max-width: 640px) 100vw, 640px\" \/><\/a><figcaption id=\"caption-attachment-3363\" class=\"wp-caption-text\">Barra del bar<\/figcaption><\/figure>\n<figure id=\"attachment_3353\" aria-describedby=\"caption-attachment-3353\" style=\"width: 640px\" class=\"wp-caption alignleft\"><a href=\"https:\/\/www.ociohogar.com\/blog\/wp-content\/uploads\/2016\/01\/DSC04376.jpeg\"><img decoding=\"async\" loading=\"lazy\" class=\"wp-image-3353 size-large\" src=\"https:\/\/www.ociohogar.com\/blog\/wp-content\/uploads\/2016\/01\/DSC04376-1024x685.jpeg\" alt=\"Valladolid\" width=\"640\" height=\"428\" srcset=\"https:\/\/www.ociohogar.com\/blog\/wp-content\/uploads\/2016\/01\/DSC04376-1024x685.jpeg 1024w, https:\/\/www.ociohogar.com\/blog\/wp-content\/uploads\/2016\/01\/DSC04376-300x200.jpeg 300w, https:\/\/www.ociohogar.com\/blog\/wp-content\/uploads\/2016\/01\/DSC04376.jpeg 1656w\" sizes=\"(max-width: 640px) 100vw, 640px\" \/><\/a><figcaption id=\"caption-attachment-3353\" class=\"wp-caption-text\">Bar decorado por J\u00e9ssica G\u00f3mez Dom\u00ednguez<\/figcaption><\/figure>\n<p>&nbsp;<\/p>\n<figure id=\"attachment_3359\" aria-describedby=\"caption-attachment-3359\" style=\"width: 640px\" class=\"wp-caption alignleft\"><a href=\"https:\/\/www.ociohogar.com\/blog\/wp-content\/uploads\/2016\/01\/DSC04380.jpeg\"><img decoding=\"async\" loading=\"lazy\" class=\"size-large wp-image-3359\" src=\"https:\/\/www.ociohogar.com\/blog\/wp-content\/uploads\/2016\/01\/DSC04380-1024x685.jpeg\" alt=\"Bar Moncloa en Valladolid\" width=\"640\" height=\"428\" srcset=\"https:\/\/www.ociohogar.com\/blog\/wp-content\/uploads\/2016\/01\/DSC04380-1024x685.jpeg 1024w, https:\/\/www.ociohogar.com\/blog\/wp-content\/uploads\/2016\/01\/DSC04380-300x200.jpeg 300w, https:\/\/www.ociohogar.com\/blog\/wp-content\/uploads\/2016\/01\/DSC04380.jpeg 1656w\" sizes=\"(max-width: 640px) 100vw, 640px\" \/><\/a><figcaption id=\"caption-attachment-3359\" class=\"wp-caption-text\">Decorado por J\u00e9ssica G\u00f3mez Dom\u00ednguez<\/figcaption><\/figure>\n<p>A primera vista lo que se ve nada m\u00e1s entrar al local es la gran barra que tiene\u2026como parte del proyecto se decidi\u00f3 darle un cambio total. Para contribuir a la calidez del local que se busca, la encimera de la barra fue \u00a0lijada y posteriormente pintada con esmalte negro acabado mate.<\/p>\n<p>Respecto al bajo encimera se\u00a0 panel\u00f3 con listones de madera de pino en vertical; el fondo, acabado\u00a0 en el mismo tono que la encimera. El interior de la barra se resalta con la aplicaci\u00f3n de un vinilo recordando un poco \u00a0el estilo greco-romano que el due\u00f1o ten\u00eda en el local con unas columnas de pie en distintos puntos, siendo esto tambi\u00e9n su se\u00f1a de identidad, la cual Iv\u00e1n, dise\u00f1ador gr\u00e1fico del estudio, utiliz\u00f3 tambi\u00e9n para dise\u00f1ar el nuevo logo del local.<\/p>\n<p>Tambi\u00e9n se aplica un vinilo con una imagen en gran formato en la pared del fondo del local, de esta manera se le da importancia tambi\u00e9n a \u00e9sta zona un poco desolada est\u00e9ticamente hablando. Tambi\u00e9n se mantuvo alguna columna existente, lo que mantiene viva la esencia del bar.<\/p>\n<p>Otro punto muy importante era la bancada corrida existente en el local. Se respet\u00f3 la bancada de obra, aunque se quit\u00f3 el tapizado que ten\u00eda, dando un enlucido para despu\u00e9s pintar en negro, aportando as\u00ed un estilo renovado. El respaldo se sustituy\u00f3 por uno continuo sujeto a pared, todo el en un un tono claro. Respecto a los asientos, se hicieron a medida, dando un toque especial al respaldo de la entrado por parte de Mar\u00eda, interiorista del estudio, creando los cojines con forma de las letras del nombre del bar MONCLOA, algo que desde luego le aporta car\u00e1cter e identidad al local\u2026.<\/p>\n<p>Las tonalidades generales se eligieron en tonos tierra y piedra tanto para las paredes como para los asientos y pufs que se a\u00f1adieron nuevos. Esto aportaba calidez a la vez que potenciaba la poca iluminaci\u00f3n natural que ten\u00eda el local.<\/p>\n<p>La iluminaci\u00f3n fue un punto importante. La iluminaci\u00f3n y ambientaci\u00f3n del local se mejoraron colocando l\u00e1mparas colgantes, blancas en la zona de la barra, tambi\u00e9n se cambi\u00f3 el resto de focos existentes por leds de bajo consumo regulables, de \u00e9ste modo tambi\u00e9n se consigue un ahorro energ\u00e9tico y a su vez mejorar la iluminaci\u00f3n.<\/p>\n<p>El resultado de \u00e9ste trabajo en equipo fue un local de toda la vida de Valladolid que con peque\u00f1os-grandes detalles se consigui\u00f3 que pareciera uno nuevo! Aunque al entrar en el interior\u2026.te des cuenta de que la esencia del local se sigue conservando.<\/p>\n<figure id=\"attachment_3346\" aria-describedby=\"caption-attachment-3346\" style=\"width: 300px\" class=\"wp-caption alignleft\"><a href=\"https:\/\/www.ociohogar.com\/blog\/interioristas\/jessica-gomez-dominguez\"><img decoding=\"async\" loading=\"lazy\" class=\"wp-image-3346 size-medium\" src=\"https:\/\/www.ociohogar.com\/blog\/wp-content\/uploads\/2016\/01\/foto-perfil-p\u00e1gina-300x300.jpg\" alt=\"J\u00e9ssica G\u00f3mez Dom\u00ednguez\" width=\"300\" height=\"300\" srcset=\"https:\/\/www.ociohogar.com\/blog\/wp-content\/uploads\/2016\/01\/foto-perfil-p\u00e1gina-300x300.jpg 300w, https:\/\/www.ociohogar.com\/blog\/wp-content\/uploads\/2016\/01\/foto-perfil-p\u00e1gina-150x150.jpg 150w, https:\/\/www.ociohogar.com\/blog\/wp-content\/uploads\/2016\/01\/foto-perfil-p\u00e1gina.jpg 800w\" sizes=\"(max-width: 300px) 100vw, 300px\" \/><\/a><figcaption id=\"caption-attachment-3346\" class=\"wp-caption-text\">Foto de perfil de J\u00e9ssica G\u00f3mez Dom\u00ednguez<\/figcaption><\/figure>\n<p><strong>T\u00e9cnico Superior de proyectos y direcci\u00f3n de obras de decoraci\u00f3n.\u00a0<\/strong>Estudi\u00f3 en la escuela de Arte de Valladolid, tras finalizar complet\u00f3 sus estudios con\u00a0una diplomatura en Dise\u00f1o de Interiores en la escuela de Arte y Superior de Dise\u00f1o de Zamora. <a href=\"https:\/\/www.ociohogar.com\/blog\/interioristas\/jessica-gomez-dominguez\">Ver perfil<\/a><\/p>\n","protected":false},"excerpt":{"rendered":"<p>Proyecto realizado en Valladolid por\u00a0J\u00e9ssica G\u00f3mez Dom\u00ednguez \u00c9ste proyecto tuve la oportunidad de realizarlo colaborando como becaria en el Estudio BlakInteriorismo , en Valladolid. Lo que se propone para \u00e9ste establecimiento, es aportarle un estilo renovado, donde los mismos espacios con grandes detalles parezcan otros. Aportando calidez y mejoras tanto para empleados como para los [&hellip;]<\/p>\n <a class=\"read-more\" href=\"https:\/\/www.ociohogar.com\/blog\/proyectos-interiorismo\/proyecto-bar-moncloa\">Leer m\u00e1s<\/a>","protected":false},"author":23,"featured_media":0,"parent":3589,"menu_order":0,"comment_status":"open","ping_status":"open","template":"","meta":{"ngg_post_thumbnail":0},"_links":{"self":[{"href":"https:\/\/www.ociohogar.com\/blog\/wp-json\/wp\/v2\/pages\/3558"}],"collection":[{"href":"https:\/\/www.ociohogar.com\/blog\/wp-json\/wp\/v2\/pages"}],"about":[{"href":"https:\/\/www.ociohogar.com\/blog\/wp-json\/wp\/v2\/types\/page"}],"author":[{"embeddable":true,"href":"https:\/\/www.ociohogar.com\/blog\/wp-json\/wp\/v2\/users\/23"}],"replies":[{"embeddable":true,"href":"https:\/\/www.ociohogar.com\/blog\/wp-json\/wp\/v2\/comments?post=3558"}],"version-history":[{"count":13,"href":"https:\/\/www.ociohogar.com\/blog\/wp-json\/wp\/v2\/pages\/3558\/revisions"}],"predecessor-version":[{"id":3598,"href":"https:\/\/www.ociohogar.com\/blog\/wp-json\/wp\/v2\/pages\/3558\/revisions\/3598"}],"up":[{"embeddable":true,"href":"https:\/\/www.ociohogar.com\/blog\/wp-json\/wp\/v2\/pages\/3589"}],"wp:attachment":[{"href":"https:\/\/www.ociohogar.com\/blog\/wp-json\/wp\/v2\/media?parent=3558"}],"curies":[{"name":"wp","href":"https:\/\/api.w.org\/{rel}","templated":true}]}}