{"id":3637,"date":"2016-02-25T19:57:27","date_gmt":"2016-02-25T18:57:27","guid":{"rendered":"https:\/\/www.ociohogar.com\/blog\/?page_id=3637"},"modified":"2016-02-25T20:01:28","modified_gmt":"2016-02-25T19:01:28","slug":"proyecto-pequelandia-en-logrono","status":"publish","type":"page","link":"https:\/\/www.ociohogar.com\/blog\/proyectos-interiorismo\/proyecto-pequelandia-en-logrono","title":{"rendered":"Proyecto Pequelandia en Logro\u00f1o"},"content":{"rendered":"<p>Proyecto realizado por Marta Fern\u00e1ndez<\/p>\n<p><iframe loading=\"lazy\" style=\"border: 0;\" src=\"https:\/\/www.google.com\/maps\/embed?pb=!1m18!1m12!1m3!1d79172.22954116647!2d-2.474974097146871!3d42.4861187374528!2m3!1f0!2f0!3f0!3m2!1i1024!2i768!4f13.1!3m3!1m2!1s0xd5aab3d6bfe8ea7%3A0x404f58273cacd90!2sLogro%C3%B1o%2C+La+Rioja!5e0!3m2!1ses!2ses!4v1455526264007\" width=\"600\" height=\"450\" frameborder=\"0\" allowfullscreen=\"allowfullscreen\"><\/iframe><\/p>\n<p><strong>Pequelandia<\/strong>\u00a0es una cadena de guarder\u00edas afincadas en <a title=\"Ayuntamiento de Logro\u00f1o\" href=\"http:\/\/www.xn--logroo-0wa.es\/\" target=\"_blank\">Logro\u00f1o<\/a>.<\/p>\n<p>La empresa tiene la necesidad de dar un cambio de imagen y nos ocupamos de hacer un restyling completo a la marca. Desde el dise\u00f1o del logotipo, rotulaci\u00f3n exterior, se\u00f1alizaci\u00f3n interior con el dise\u00f1o de diferentes iconos,\u00a0 rotulaci\u00f3n de veh\u00edculo, papeler\u00eda hasta los uniformes del personal.<\/p>\n<figure id=\"attachment_3408\" aria-describedby=\"caption-attachment-3408\" style=\"width: 640px\" class=\"wp-caption alignleft\"><a href=\"https:\/\/www.ociohogar.com\/blog\/wp-content\/uploads\/2016\/01\/041.PEQUELANDIA-ESTE.jpg\"><img decoding=\"async\" loading=\"lazy\" class=\"wp-image-3408 size-large\" src=\"https:\/\/www.ociohogar.com\/blog\/wp-content\/uploads\/2016\/01\/041.PEQUELANDIA-ESTE-1024x690.jpg\" alt=\"Guarder\u00eda en Logro\u00f1o\" width=\"640\" height=\"431\" srcset=\"https:\/\/www.ociohogar.com\/blog\/wp-content\/uploads\/2016\/01\/041.PEQUELANDIA-ESTE-1024x690.jpg 1024w, https:\/\/www.ociohogar.com\/blog\/wp-content\/uploads\/2016\/01\/041.PEQUELANDIA-ESTE-300x202.jpg 300w, https:\/\/www.ociohogar.com\/blog\/wp-content\/uploads\/2016\/01\/041.PEQUELANDIA-ESTE.jpg 1240w\" sizes=\"(max-width: 640px) 100vw, 640px\" \/><\/a><figcaption id=\"caption-attachment-3408\" class=\"wp-caption-text\">Dise\u00f1o de guarder\u00eda en Logro\u00f1o<\/figcaption><\/figure>\n<figure id=\"attachment_3409\" aria-describedby=\"caption-attachment-3409\" style=\"width: 640px\" class=\"wp-caption alignleft\"><a href=\"https:\/\/www.ociohogar.com\/blog\/wp-content\/uploads\/2016\/01\/041.PEQUELANDIA-NORTE-2.jpg\"><img decoding=\"async\" loading=\"lazy\" class=\"wp-image-3409 size-large\" src=\"https:\/\/www.ociohogar.com\/blog\/wp-content\/uploads\/2016\/01\/041.PEQUELANDIA-NORTE-2-1024x743.jpg\" alt=\"Fachada Pequelandia\" width=\"640\" height=\"464\" srcset=\"https:\/\/www.ociohogar.com\/blog\/wp-content\/uploads\/2016\/01\/041.PEQUELANDIA-NORTE-2-1024x743.jpg 1024w, https:\/\/www.ociohogar.com\/blog\/wp-content\/uploads\/2016\/01\/041.PEQUELANDIA-NORTE-2-300x217.jpg 300w, https:\/\/www.ociohogar.com\/blog\/wp-content\/uploads\/2016\/01\/041.PEQUELANDIA-NORTE-2.jpg 1240w\" sizes=\"(max-width: 640px) 100vw, 640px\" \/><\/a><figcaption id=\"caption-attachment-3409\" class=\"wp-caption-text\">Fachada de la guarder\u00eda<\/figcaption><\/figure>\n<figure id=\"attachment_3407\" aria-describedby=\"caption-attachment-3407\" style=\"width: 640px\" class=\"wp-caption alignleft\"><a href=\"https:\/\/www.ociohogar.com\/blog\/wp-content\/uploads\/2016\/01\/035.-P.ROTULACION.jpg\"><img decoding=\"async\" loading=\"lazy\" class=\"wp-image-3407 size-large\" src=\"https:\/\/www.ociohogar.com\/blog\/wp-content\/uploads\/2016\/01\/035.-P.ROTULACION-1024x767.jpg\" alt=\"Guarder\u00eda en Logro\u00f1o\" width=\"640\" height=\"479\" srcset=\"https:\/\/www.ociohogar.com\/blog\/wp-content\/uploads\/2016\/01\/035.-P.ROTULACION-1024x767.jpg 1024w, https:\/\/www.ociohogar.com\/blog\/wp-content\/uploads\/2016\/01\/035.-P.ROTULACION-300x224.jpg 300w, https:\/\/www.ociohogar.com\/blog\/wp-content\/uploads\/2016\/01\/035.-P.ROTULACION.jpg 1240w\" sizes=\"(max-width: 640px) 100vw, 640px\" \/><\/a><figcaption id=\"caption-attachment-3407\" class=\"wp-caption-text\">Dise\u00f1o de r\u00f3tulos por Marta Fern\u00e1ndez G\u00f3mez<\/figcaption><\/figure>\n<figure id=\"attachment_3410\" aria-describedby=\"caption-attachment-3410\" style=\"width: 640px\" class=\"wp-caption alignleft\"><a href=\"https:\/\/www.ociohogar.com\/blog\/wp-content\/uploads\/2016\/01\/041.PEQUELANDIA-NORTE.jpg\"><img decoding=\"async\" loading=\"lazy\" class=\"wp-image-3410 size-large\" src=\"https:\/\/www.ociohogar.com\/blog\/wp-content\/uploads\/2016\/01\/041.PEQUELANDIA-NORTE-1024x647.jpg\" alt=\"Guarder\u00eda de Logro\u00f1o\" width=\"640\" height=\"404\" srcset=\"https:\/\/www.ociohogar.com\/blog\/wp-content\/uploads\/2016\/01\/041.PEQUELANDIA-NORTE-1024x647.jpg 1024w, https:\/\/www.ociohogar.com\/blog\/wp-content\/uploads\/2016\/01\/041.PEQUELANDIA-NORTE-300x189.jpg 300w, https:\/\/www.ociohogar.com\/blog\/wp-content\/uploads\/2016\/01\/041.PEQUELANDIA-NORTE.jpg 1240w\" sizes=\"(max-width: 640px) 100vw, 640px\" \/><\/a><figcaption id=\"caption-attachment-3410\" class=\"wp-caption-text\">Entrada del local<\/figcaption><\/figure>\n<figure id=\"attachment_3411\" aria-describedby=\"caption-attachment-3411\" style=\"width: 640px\" class=\"wp-caption alignleft\"><a href=\"https:\/\/www.ociohogar.com\/blog\/wp-content\/uploads\/2016\/01\/041PEQUELANDIA-INTERIOR-OPAL-IMPRESO.jpg\"><img decoding=\"async\" loading=\"lazy\" class=\"wp-image-3411 size-large\" src=\"https:\/\/www.ociohogar.com\/blog\/wp-content\/uploads\/2016\/01\/041PEQUELANDIA-INTERIOR-OPAL-IMPRESO-726x1024.jpg\" alt=\"Dise\u00f1o de Marta Fern\u00e1ndez G\u00f3mez\" width=\"640\" height=\"902\" srcset=\"https:\/\/www.ociohogar.com\/blog\/wp-content\/uploads\/2016\/01\/041PEQUELANDIA-INTERIOR-OPAL-IMPRESO-726x1024.jpg 726w, https:\/\/www.ociohogar.com\/blog\/wp-content\/uploads\/2016\/01\/041PEQUELANDIA-INTERIOR-OPAL-IMPRESO-212x300.jpg 212w, https:\/\/www.ociohogar.com\/blog\/wp-content\/uploads\/2016\/01\/041PEQUELANDIA-INTERIOR-OPAL-IMPRESO.jpg 880w\" sizes=\"(max-width: 640px) 100vw, 640px\" \/><\/a><figcaption id=\"caption-attachment-3411\" class=\"wp-caption-text\">Decoraci\u00f3n de las ventanas<\/figcaption><\/figure>\n<figure id=\"attachment_3394\" aria-describedby=\"caption-attachment-3394\" style=\"width: 300px\" class=\"wp-caption alignleft\"><a href=\"https:\/\/www.ociohogar.com\/blog\/interioristas\/marta-fernandez-gomez\"><img decoding=\"async\" loading=\"lazy\" class=\"wp-image-3394 size-medium\" src=\"https:\/\/www.ociohogar.com\/blog\/wp-content\/uploads\/2016\/01\/AUTORETRATO-FOTO-PERFIL-1-300x300.jpg\" alt=\"Marta Fern\u00e1ndez G\u00f3mez\" width=\"300\" height=\"300\" srcset=\"https:\/\/www.ociohogar.com\/blog\/wp-content\/uploads\/2016\/01\/AUTORETRATO-FOTO-PERFIL-1-300x300.jpg 300w, https:\/\/www.ociohogar.com\/blog\/wp-content\/uploads\/2016\/01\/AUTORETRATO-FOTO-PERFIL-1-150x150.jpg 150w, https:\/\/www.ociohogar.com\/blog\/wp-content\/uploads\/2016\/01\/AUTORETRATO-FOTO-PERFIL-1.jpg 800w\" sizes=\"(max-width: 300px) 100vw, 300px\" \/><\/a><figcaption id=\"caption-attachment-3394\" class=\"wp-caption-text\">Interiorista Marta Fern\u00e1ndez G\u00f3mez<\/figcaption><\/figure>\n<p>Graduada en dise\u00f1o de interiores. Estudi\u00f3 dise\u00f1o web y multimedia en Pamplona, tras terminar complet\u00f3 sus estudios con cursos de dise\u00f1o y multimedia aplicadas a la comunicaci\u00f3n.<\/p>\n<p><a title=\"Marta Fern\u00e1ndez\" href=\"https:\/\/www.ociohogar.com\/blog\/interioristas\/marta-fernandez-gomez\" target=\"_blank\">Ver su perfil<\/a>.<\/p>\n<p>&nbsp;<\/p>\n","protected":false},"excerpt":{"rendered":"<p>Proyecto realizado por Marta Fern\u00e1ndez Pequelandia\u00a0es una cadena de guarder\u00edas afincadas en Logro\u00f1o. La empresa tiene la necesidad de dar un cambio de imagen y nos ocupamos de hacer un restyling completo a la marca. Desde el dise\u00f1o del logotipo, rotulaci\u00f3n exterior, se\u00f1alizaci\u00f3n interior con el dise\u00f1o de diferentes iconos,\u00a0 rotulaci\u00f3n de veh\u00edculo, papeler\u00eda hasta [&hellip;]<\/p>\n <a class=\"read-more\" href=\"https:\/\/www.ociohogar.com\/blog\/proyectos-interiorismo\/proyecto-pequelandia-en-logrono\">Leer m\u00e1s<\/a>","protected":false},"author":23,"featured_media":0,"parent":3589,"menu_order":0,"comment_status":"open","ping_status":"open","template":"","meta":{"ngg_post_thumbnail":0},"_links":{"self":[{"href":"https:\/\/www.ociohogar.com\/blog\/wp-json\/wp\/v2\/pages\/3637"}],"collection":[{"href":"https:\/\/www.ociohogar.com\/blog\/wp-json\/wp\/v2\/pages"}],"about":[{"href":"https:\/\/www.ociohogar.com\/blog\/wp-json\/wp\/v2\/types\/page"}],"author":[{"embeddable":true,"href":"https:\/\/www.ociohogar.com\/blog\/wp-json\/wp\/v2\/users\/23"}],"replies":[{"embeddable":true,"href":"https:\/\/www.ociohogar.com\/blog\/wp-json\/wp\/v2\/comments?post=3637"}],"version-history":[{"count":5,"href":"https:\/\/www.ociohogar.com\/blog\/wp-json\/wp\/v2\/pages\/3637\/revisions"}],"predecessor-version":[{"id":3647,"href":"https:\/\/www.ociohogar.com\/blog\/wp-json\/wp\/v2\/pages\/3637\/revisions\/3647"}],"up":[{"embeddable":true,"href":"https:\/\/www.ociohogar.com\/blog\/wp-json\/wp\/v2\/pages\/3589"}],"wp:attachment":[{"href":"https:\/\/www.ociohogar.com\/blog\/wp-json\/wp\/v2\/media?parent=3637"}],"curies":[{"name":"wp","href":"https:\/\/api.w.org\/{rel}","templated":true}]}}