{"id":4849,"date":"2023-08-27T12:02:31","date_gmt":"2023-08-27T11:02:31","guid":{"rendered":"https:\/\/www.ociohogar.com\/blog\/?page_id=4849"},"modified":"2023-08-27T12:02:31","modified_gmt":"2023-08-27T11:02:31","slug":"arquitectos-interioristas-decoradores-instaladores-constructoras","status":"publish","type":"page","link":"https:\/\/www.ociohogar.com\/blog\/arquitectos-interioristas-decoradores-instaladores-constructoras","title":{"rendered":"ARQUITECTOS &#8211; INTERIORISTAS &#8211; DECORADORES &#8211; INSTALADORES &#8211; CONSTRUCTORAS"},"content":{"rendered":"<div id=\"pl-4849\"  class=\"panel-layout\" ><div id=\"pg-4849-0\"  class=\"panel-grid panel-has-style\" ><div class=\"siteorigin-panels-stretch panel-row-style panel-row-style-for-4849-0\" data-stretch-type=\"full-stretched\" ><div id=\"pgc-4849-0-0\"  class=\"panel-grid-cell\" ><div class=\"panel-cell-style panel-cell-style-for-4849-0-0\" ><div id=\"panel-4849-0-0-0\" class=\"so-panel widget widget_siteorigin-panels-builder panel-first-child panel-last-child\" data-index=\"0\" ><div id=\"pl-w64e38d1702e39\"  class=\"panel-layout\" ><div id=\"pg-w64e38d1702e39-0\"  class=\"panel-grid panel-no-style\" ><div id=\"pgc-w64e38d1702e39-0-0\"  class=\"panel-grid-cell\" ><div id=\"panel-w64e38d1702e39-0-0-0\" class=\"so-panel widget widget_sow-headline panel-first-child panel-last-child\" data-index=\"0\" ><div class=\"panel-widget-style panel-widget-style-for-w64e38d1702e39-0-0-0\" ><div\n\t\t\t\n\t\t\tclass=\"so-widget-sow-headline so-widget-sow-headline-default-289a86125643 so-widget-fittext-wrapper\"\n\t\t\t data-fit-text-compressor=\"0.85\"\n\t\t><div class=\"sow-headline-container \">\n\t<h2 class='sow-headline'>OcioHogar PRO para profesionales<\/h2><p class='sow-sub-headline'>Te damos la bienvenida a OcioHogar PRO.  Sabemos que cada proyecto es \u00fanico. Por ello nuestro equipo Contract est\u00e1 dedicado a ayudar a profesionales como tu en sus proyectos de dise\u00f1o de interiores.<\/p><\/div>\n<\/div><\/div><\/div><\/div><\/div><div id=\"pg-w64e38d1702e39-1\"  class=\"panel-grid panel-has-style\" ><div class=\"panel-row-style panel-row-style-for-w64e38d1702e39-1\" ><div id=\"pgc-w64e38d1702e39-1-0\"  class=\"panel-grid-cell\" ><div id=\"panel-w64e38d1702e39-1-0-0\" class=\"so-panel widget widget_text panel-first-child\" data-index=\"1\" ><div class=\"panel-widget-style panel-widget-style-for-w64e38d1702e39-1-0-0\" ><h3 class=\"widget-title\">Tengo cuenta profesional<\/h3>\t\t\t<div class=\"textwidget\"><\/div>\n\t\t<\/div><\/div><div id=\"panel-w64e38d1702e39-1-0-1\" class=\"so-panel widget widget_sow-button panel-last-child\" data-index=\"2\" ><div\n\t\t\t\n\t\t\tclass=\"so-widget-sow-button so-widget-sow-button-wire-cf1c6ebc2b40\"\n\t\t\t\n\t\t><div class=\"ow-button-base ow-button-align-left\">\n\t<a\n\thref=\"https:\/\/www.ociohogar.com\/autenticacion?back=my-account&#038;professional=1\"\n\t\tclass=\"ow-icon-placement-left ow-button-hover\" \t>\n\t\t<span>\n\t\t\t\n\t\t\tINICIAR SESI\u00d3N\t\t<\/span>\n\t<\/a>\n<\/div>\n<\/div><\/div><\/div><div id=\"pgc-w64e38d1702e39-1-1\"  class=\"panel-grid-cell\" ><div id=\"panel-w64e38d1702e39-1-1-0\" class=\"so-panel widget widget_text panel-first-child\" data-index=\"3\" ><div class=\"panel-widget-style panel-widget-style-for-w64e38d1702e39-1-1-0\" ><h3 class=\"widget-title\">Quiero crear una cuenta<\/h3>\t\t\t<div class=\"textwidget\"><\/div>\n\t\t<\/div><\/div><div id=\"panel-w64e38d1702e39-1-1-1\" class=\"so-panel widget widget_sow-button panel-last-child\" data-index=\"4\" ><div\n\t\t\t\n\t\t\tclass=\"so-widget-sow-button so-widget-sow-button-wire-cf1c6ebc2b40\"\n\t\t\t\n\t\t><div class=\"ow-button-base ow-button-align-left\">\n\t<a\n\thref=\"https:\/\/www.ociohogar.com\/contactenos\"\n\t\tclass=\"ow-icon-placement-left ow-button-hover\" \t>\n\t\t<span>\n\t\t\t\n\t\t\tCONTACTA CON NOSOTROS\t\t<\/span>\n\t<\/a>\n<\/div>\n<\/div><\/div><\/div><\/div><\/div><div id=\"pg-w64e38d1702e39-2\"  class=\"panel-grid panel-no-style\" ><div id=\"pgc-w64e38d1702e39-2-0\"  class=\"panel-grid-cell\" ><div id=\"panel-w64e38d1702e39-2-0-0\" class=\"so-panel widget widget_sow-headline panel-first-child\" data-index=\"5\" ><div\n\t\t\t\n\t\t\tclass=\"so-widget-sow-headline so-widget-sow-headline-default-289a86125643 so-widget-fittext-wrapper\"\n\t\t\t data-fit-text-compressor=\"0.85\"\n\t\t><div class=\"sow-headline-container \">\n\t<h2 class='sow-headline'>Ventajas para profesionales<\/h2><\/div>\n<\/div><\/div><div id=\"panel-w64e38d1702e39-2-0-1\" class=\"so-panel widget widget_sow-features panel-last-child\" data-index=\"6\" ><div\n\t\t\t\n\t\t\tclass=\"so-widget-sow-features so-widget-sow-features-default-99cd015bc11a\"\n\t\t\t\n\t\t>\n<div class=\"sow-features-list sow-features-responsive\">\n\n\t\t\t\t\t\t\t\t\t<div\n\t\t\t\tclass=\"sow-features-feature sow-icon-container-position-right \"\n\t\t\t\tstyle=\"display: flex; flex-direction: row; width: 100%;\"\n\t\t\t>\n\t\t\t\n\t\t\t\t\t\t\t\t<div\n\t\t\t\t\tclass=\"sow-icon-container sow-container-none\"\n\t\t\t\t\tstyle=\"color: ; \"\n\t\t\t\t\t>\n\t\t\t\t\t<span class=\"sow-icon-elegantline\" data-sow-icon=\"&#xe00c;\"\n\t\tstyle=\"font-size: 48px; color: #2d2d2d\" \n\t\taria-hidden=\"true\"><\/span>\t\t\t\t<\/div>\n\t\t\t\t\n\t\t\t\t<div class=\"textwidget\">\n\t\t\t\t\t\n\t\t\t\t\t\t\t\t\t\t\t<h5>\n\t\t\t\t\t\t\t\n\t\t\t\t\t\t\tGran cat\u00e1logo de muebles de fabricaci\u00f3n europea\t\t\t\t\t\t\t\t\t\t\t\t\t<\/h5>\n\t\t\t\t\t\n\t\t\t\t\t\t\t\t\t\t\tAccede a un cat\u00e1logo de m\u00e1s de 15.000 art\u00edculos de mobiliario de dise\u00f1o de fabricaci\u00f3n europea.\t\t\t\t\t\n\t\t\t\t\t\t\t\t\t<\/div>\n\t\t\t\t\t\t\t\t\n\t\t\t\t\t\t\t<\/div>\n\n\t\t\t\t\t\t\t\t<div\n\t\t\t\tclass=\"sow-features-feature sow-icon-container-position-right \"\n\t\t\t\tstyle=\"display: flex; flex-direction: row; width: 100%;\"\n\t\t\t>\n\t\t\t\n\t\t\t\t\t\t\t\t<div\n\t\t\t\t\tclass=\"sow-icon-container sow-container-none\"\n\t\t\t\t\tstyle=\"color: ; \"\n\t\t\t\t\t>\n\t\t\t\t\t<span class=\"sow-icon-elegantline\" data-sow-icon=\"&#xe00e;\"\n\t\tstyle=\"font-size: 48px; color: #2d2d2d\" \n\t\taria-hidden=\"true\"><\/span>\t\t\t\t<\/div>\n\t\t\t\t\n\t\t\t\t<div class=\"textwidget\">\n\t\t\t\t\t\n\t\t\t\t\t\t\t\t\t\t\t<h5>\n\t\t\t\t\t\t\t\n\t\t\t\t\t\t\tPrecios especiales para profesionales\t\t\t\t\t\t\t\t\t\t\t\t\t<\/h5>\n\t\t\t\t\t\n\t\t\t\t\t\t\t\t\t\t\tCon tu cuenta profesional tendr\u00e1s acceso a precios especiales en nuestra plataforma disponibles \u00fanicamente para profesionales.\t\t\t\t\t\n\t\t\t\t\t\t\t\t\t<\/div>\n\t\t\t\t\t\t\t\t\n\t\t\t\t\t\t\t<\/div>\n\n\t\t\t\t\t\t\t\t<div\n\t\t\t\tclass=\"sow-features-feature sow-icon-container-position-right \"\n\t\t\t\tstyle=\"display: flex; flex-direction: row; width: 100%;\"\n\t\t\t>\n\t\t\t\n\t\t\t\t\t\t\t\t<div\n\t\t\t\t\tclass=\"sow-icon-container sow-container-none\"\n\t\t\t\t\tstyle=\"color: ; \"\n\t\t\t\t\t>\n\t\t\t\t\t<span class=\"sow-icon-elegantline\" data-sow-icon=\"&#xe01f;\"\n\t\tstyle=\"font-size: 48px; color: #2d2d2d\" \n\t\taria-hidden=\"true\"><\/span>\t\t\t\t<\/div>\n\t\t\t\t\n\t\t\t\t<div class=\"textwidget\">\n\t\t\t\t\t\n\t\t\t\t\t\t\t\t\t\t\t<h5>\n\t\t\t\t\t\t\t\n\t\t\t\t\t\t\tCliente prioritario\t\t\t\t\t\t\t\t\t\t\t\t\t<\/h5>\n\t\t\t\t\t\n\t\t\t\t\t\t\t\t\t\t\tDamos preferencia a los pedidos de nuestros clientes profesionales en cuanto a atenci\u00f3n al cliente, env\u00edos y tiempos de entrega.\t\t\t\t\t\n\t\t\t\t\t\t\t\t\t<\/div>\n\t\t\t\t\t\t\t\t\n\t\t\t\t\t\t\t<\/div>\n\n\t\t\t\t\t\t\t\t<div\n\t\t\t\tclass=\"sow-features-feature sow-icon-container-position-right \"\n\t\t\t\tstyle=\"display: flex; flex-direction: row; width: 100%;\"\n\t\t\t>\n\t\t\t\n\t\t\t\t\t\t\t\t<div\n\t\t\t\t\tclass=\"sow-icon-container sow-container-none\"\n\t\t\t\t\tstyle=\"color: ; \"\n\t\t\t\t\t>\n\t\t\t\t\t<span class=\"sow-icon-elegantline\" data-sow-icon=\"&#xe034;\"\n\t\tstyle=\"font-size: 48px; color: #2d2d2d\" \n\t\taria-hidden=\"true\"><\/span>\t\t\t\t<\/div>\n\t\t\t\t\n\t\t\t\t<div class=\"textwidget\">\n\t\t\t\t\t\n\t\t\t\t\t\t\t\t\t\t\t<h5>\n\t\t\t\t\t\t\t\n\t\t\t\t\t\t\tNos encargamos de la log\u00edstica con tu cliente\t\t\t\t\t\t\t\t\t\t\t\t\t<\/h5>\n\t\t\t\t\t\n\t\t\t\t\t\t\t\t\t\t\tOfrecemos servicios profesionales de log\u00edstica en el montaje de muebles en todo el territorio peninsular espa\u00f1ol y parte del territorio insular. Si quieres no encargamos de la log\u00edstica con tu cliente para que no tengas que preocuparte por nada.\t\t\t\t\t\n\t\t\t\t\t\t\t\t\t<\/div>\n\t\t\t\t\t\t\t\t\n\t\t\t\t\t\t\t<\/div>\n\n\t\t\t\t\t\t\t\t<div\n\t\t\t\tclass=\"sow-features-feature sow-icon-container-position-right sow-features-feature-last-row\"\n\t\t\t\tstyle=\"display: flex; flex-direction: row; width: 100%;\"\n\t\t\t>\n\t\t\t\n\t\t\t\t\t\t\t\t<div\n\t\t\t\t\tclass=\"sow-icon-container sow-container-none\"\n\t\t\t\t\tstyle=\"color: ; \"\n\t\t\t\t\t>\n\t\t\t\t\t<span class=\"sow-icon-elegantline\" data-sow-icon=\"&#xe059;\"\n\t\tstyle=\"font-size: 48px; color: #2d2d2d\" \n\t\taria-hidden=\"true\"><\/span>\t\t\t\t<\/div>\n\t\t\t\t\n\t\t\t\t<div class=\"textwidget\">\n\t\t\t\t\t\n\t\t\t\t\t\t\t\t\t\t\t<h5>\n\t\t\t\t\t\t\t\n\t\t\t\t\t\t\tOfertas exclusivas, se el primero en enterarte\t\t\t\t\t\t\t\t\t\t\t\t\t<\/h5>\n\t\t\t\t\t\n\t\t\t\t\t\t\t\t\t\t\tOfrecemos ofertas exclusivas \u00fanicamente para cliente profesionales en marcas seleccionadas. Reg\u00edstrate como profesional y ser\u00e1s el primero en enterarte.\t\t\t\t\t\n\t\t\t\t\t\t\t\t\t<\/div>\n\t\t\t\t\t\t\t\t\n\t\t\t\t\t\t\t<\/div>\n\n\t\t\t\n<\/div>\n<\/div><\/div><\/div><\/div><\/div><\/div><\/div><\/div><div id=\"pgc-4849-0-1\"  class=\"panel-grid-cell\" ><div id=\"panel-4849-0-1-0\" class=\"so-panel widget widget_sow-image panel-first-child panel-last-child\" data-index=\"1\" ><div\n\t\t\t\n\t\t\tclass=\"so-widget-sow-image so-widget-sow-image-default-d6014b76747a-4849\"\n\t\t\t\n\t\t>\n\n<div class=\"sow-image-container\">\n\t\t<img src=\"https:\/\/www.ociohogar.com\/blog\/wp-content\/uploads\/2023\/08\/profesionales-vertical3.jpg\" width=\"1100\" height=\"1600\" srcset=\"https:\/\/www.ociohogar.com\/blog\/wp-content\/uploads\/2023\/08\/profesionales-vertical3.jpg 1100w, https:\/\/www.ociohogar.com\/blog\/wp-content\/uploads\/2023\/08\/profesionales-vertical3-206x300.jpg 206w, https:\/\/www.ociohogar.com\/blog\/wp-content\/uploads\/2023\/08\/profesionales-vertical3-704x1024.jpg 704w, https:\/\/www.ociohogar.com\/blog\/wp-content\/uploads\/2023\/08\/profesionales-vertical3-768x1117.jpg 768w, https:\/\/www.ociohogar.com\/blog\/wp-content\/uploads\/2023\/08\/profesionales-vertical3-1056x1536.jpg 1056w, https:\/\/www.ociohogar.com\/blog\/wp-content\/uploads\/2023\/08\/profesionales-vertical3-340x495.jpg 340w\" sizes=\"(max-width: 1100px) 100vw, 1100px\" alt=\"Ventajas para interioristas y arquitectos\" loading=\"lazy\" \t\tclass=\"so-widget-image\"\/>\n\t<\/div>\n\n<\/div><\/div><\/div><\/div><\/div><\/div>","protected":false},"excerpt":{"rendered":"<p>OcioHogar PRO para profesionalesTe damos la bienvenida a OcioHogar PRO. Sabemos que cada proyecto es \u00fanico. Por ello nuestro equipo Contract est\u00e1 dedicado a ayudar a profesionales como tu en sus proyectos de dise\u00f1o de interiores. Tengo cuenta profesional INICIAR SESI\u00d3N Quiero crear una cuenta CONTACTA CON NOSOTROS Ventajas para profesionales Gran cat\u00e1logo de muebles [&hellip;]<\/p>\n <a class=\"read-more\" href=\"https:\/\/www.ociohogar.com\/blog\/arquitectos-interioristas-decoradores-instaladores-constructoras\">Leer m\u00e1s<\/a>","protected":false},"author":19,"featured_media":0,"parent":0,"menu_order":0,"comment_status":"closed","ping_status":"closed","template":"","meta":{"ngg_post_thumbnail":0},"_links":{"self":[{"href":"https:\/\/www.ociohogar.com\/blog\/wp-json\/wp\/v2\/pages\/4849"}],"collection":[{"href":"https:\/\/www.ociohogar.com\/blog\/wp-json\/wp\/v2\/pages"}],"about":[{"href":"https:\/\/www.ociohogar.com\/blog\/wp-json\/wp\/v2\/types\/page"}],"author":[{"embeddable":true,"href":"https:\/\/www.ociohogar.com\/blog\/wp-json\/wp\/v2\/users\/19"}],"replies":[{"embeddable":true,"href":"https:\/\/www.ociohogar.com\/blog\/wp-json\/wp\/v2\/comments?post=4849"}],"version-history":[{"count":101,"href":"https:\/\/www.ociohogar.com\/blog\/wp-json\/wp\/v2\/pages\/4849\/revisions"}],"predecessor-version":[{"id":4959,"href":"https:\/\/www.ociohogar.com\/blog\/wp-json\/wp\/v2\/pages\/4849\/revisions\/4959"}],"wp:attachment":[{"href":"https:\/\/www.ociohogar.com\/blog\/wp-json\/wp\/v2\/media?parent=4849"}],"curies":[{"name":"wp","href":"https:\/\/api.w.org\/{rel}","templated":true}]}}